{"id":10412,"date":"2023-01-18T21:13:01","date_gmt":"2023-01-18T21:13:01","guid":{"rendered":"https:\/\/bayardroyal.com\/?post_type=product&#038;p=10412"},"modified":"2025-11-28T13:17:58","modified_gmt":"2025-11-28T13:17:58","slug":"6-gateaux-au-rhum-antillais-individuels-bayard-royal-saveur-authentique-100-naturelle-cadeau-ideal-et-snack-naturel-gateau-au-rhum","status":"publish","type":"product","link":"https:\/\/bayardroyal.com\/en\/product\/6-gateaux-au-rhum-antillais-individuels-bayard-royal-saveur-authentique-100-naturelle-cadeau-ideal-et-snack-naturel-gateau-au-rhum\/","title":{"rendered":"Bayard Royal\u2122 6 individual Caribbean Rum Cakes, 100% Natural Authentic Flavor, Perfect Gift &amp; Natural Snack Rum Cake"},"content":{"rendered":"<p><b><u>Reference points:<\/u><\/b><\/p>\n<p>\u2705 Rum cake of Caribbean origin with a 100% authentic and natural flavor. Bayard Royal offers a special &amp; unique signature taste, smooth texture &amp; delicious aroma in their tasty homemade rum infused cake.<\/p>\n<p>\u2705\u00a0<b>Pack de 6 &#8211; 4. oz (110g) 1-2 portions<\/b><\/p>\n<p>often given as individual gifts, adult snacks or in a gift basket. Bayard Royal uses sous vide techniques for all cakes to increase the shelf life of sealed cakes to 3 months at room temperature and 6 months if frozen. Using spirits as natural preservatives helps retain and lock in freshness and flavor.<\/p>\n<p>\u2705 Serve with tea, coffee or hot chocolate, warm it up and top it with whipped cream, fruit, chocolate, chocolate chips, applesauce or any other sauce or icing you like!<\/p>\n<p>\u2705 Ingredients: Sugar, milk ingredients, flour, rum, liquid whole eggs, canola oil, water, corn starch, baking powder, nuts, modified corn starch, applesauce, salt, natural flavors.<\/p>\n<p>\u2705 Storage: Once opened, the rum cake can be stored at room temperature for up to 2 weeks &amp; in the freezer for up to 3 months.<\/p>\n<p><b>All orders received are processed within 24 (working) hours after confirmation (except holidays and weekends).<\/b><\/p>\n<p>Description :<\/p>\n<p>The Bayard Royal Special Signature Rum Cake is a natural and tasty snack. In addition, it makes the perfect gift for all types of festivities, with a rich taste of rum. It's the perfect grocery item, especially for your snack box, and a natural alternative to cupcakes and chocolate cakes.<\/p>\n<p>Whether it's a wine gift basket, a birthday lunch or a holiday gift basket for adults, this rum snack cake can serve as a birthday cake, side dish for adults with a coffee, housewarming or holiday gift to replace the traditional bottle of wine or cupcakes.<\/p>\n<p><b>Here are some unique topping\/frosting ideas for the Bayard Royal Caribbean Rum Cake:<\/b><\/p>\n<ol>\n<li>Spiced yogurt mixed with maple syrup to enhance the flavor of the rum.<\/li>\n<li>Chocolates, chocolate chips, chocolate ganache or applesauce.<\/li>\n<li>Fruits, nuts, slivered almonds, orange zest or lemon sauce of your choice.<\/li>\n<\/ol>\n<p><i>Add this delicious homemade rum cake to your party favors, grocery cart or holiday gift baskets now!<\/i><\/p>","protected":false},"excerpt":{"rendered":"<p>Bayard Royal vend des g\u00e2teaux au rhum de la plus haute qualit\u00e9, 100 % naturels et de saveur originale. Nos g\u00e2teaux au rhum des Cara\u00efbes sont exceptionnels et ont une saveur distincte.<\/p>","protected":false},"featured_media":10414,"template":"","meta":{"inline_featured_image":false,"_themeisle_gutenberg_block_has_review":false},"product_cat":[74],"product_tag":[241,244,240,238,202,243,242,245,246,288,280,295,249,270,296,250,297,299,292,266,259,269,291,293,251,289,275,260,271,300,256,263,268,287,277,298,309,267,307,252,254,301,265,264,306,279,262,281,276,284,248,294,286,283,278,257,272,253,303,285,290,247,304,305,273,302,255,274,329,319,327,332,320,326,314,330,324,333,325,331,316,323,312,313,328,322,335,318,315,334,321,310,311,317,261,258,308,282,239,208],"class_list":{"0":"post-10412","1":"product","2":"type-product","3":"status-publish","4":"has-post-thumbnail","6":"product_brand-bayard-royal","7":"product_cat-gateau-au-rhum-antillais","8":"product_tag-100-natural-ingredients","9":"product_tag-artisanal-pastry","10":"product_tag-authentic-flavor","11":"product_tag-caribbean-dessert","12":"product_tag-caribbean-rum-cake","13":"product_tag-fine-snack","14":"product_tag-gourmet-gift","15":"product_tag-homemade-rum-cake","16":"product_tag-premium-rum-cake","17":"product_tag-rum-cake-for-actors-day","18":"product_tag-rum-cake-for-artists-day","19":"product_tag-rum-cake-for-bakers-day","20":"product_tag-rum-cake-for-birthdays","21":"product_tag-rum-cake-for-bosses-day","22":"product_tag-rum-cake-for-butchers-day","23":"product_tag-rum-cake-for-celebrations","24":"product_tag-rum-cake-for-charcutiers-day","25":"product_tag-rum-cake-for-cheesemakers-day","26":"product_tag-rum-cake-for-chefs-day","27":"product_tag-rum-cake-for-childrens-day","28":"product_tag-rum-cake-for-christmas","29":"product_tag-rum-cake-for-colleagues-day","30":"product_tag-rum-cake-for-composers","31":"product_tag-rum-cake-for-cooks-day","32":"product_tag-rum-cake-for-corporate-gifts","33":"product_tag-rum-cake-for-dancers-day","34":"product_tag-rum-cake-for-doctors-day","35":"product_tag-rum-cake-for-easter","36":"product_tag-rum-cake-for-employees-day","37":"product_tag-rum-cake-for-epicureans-day","38":"product_tag-rum-cake-for-events","39":"product_tag-rum-cake-for-fathers-day","40":"product_tag-rum-cake-for-fathers-day-neighbors","41":"product_tag-rum-cake-for-filmmakers-day","42":"product_tag-rum-cake-for-firefighters-day","43":"product_tag-rum-cake-for-fishmongers-day","44":"product_tag-rum-cake-for-floral-lovers-day","45":"product_tag-rum-cake-for-friends-day","46":"product_tag-rum-cake-for-fruity-lovers-day","47":"product_tag-rum-cake-for-gift-baskets","48":"product_tag-rum-cake-for-gourmets","49":"product_tag-rum-cake-for-gourmets-day","50":"product_tag-rum-cake-for-grandfathers-day","51":"product_tag-rum-cake-for-grandmothers-day","52":"product_tag-rum-cake-for-light-lovers-day","53":"product_tag-rum-cake-for-military-peoples-day","54":"product_tag-rum-cake-for-mothers-day","55":"product_tag-rum-cake-for-musicians-day","56":"product_tag-rum-cake-for-nurses-day","57":"product_tag-rum-cake-for-painters-day","58":"product_tag-rum-cake-for-parties","59":"product_tag-rum-cake-for-pastry-chefs-day","60":"product_tag-rum-cake-for-photographers-day","61":"product_tag-rum-cake-for-poets-day","62":"product_tag-rum-cake-for-policemens-day","63":"product_tag-rum-cake-for-receptions","64":"product_tag-rum-cake-for-retirees-day","65":"product_tag-rum-cake-for-rum-lovers","66":"product_tag-rum-cake-for-salty-lovers-day","67":"product_tag-rum-cake-for-sculptors-day","68":"product_tag-rum-cake-for-singers-day","69":"product_tag-rum-cake-for-special-occasions","70":"product_tag-rum-cake-for-spicy-lovers-day","71":"product_tag-rum-cake-for-strong-lovers-day","72":"product_tag-rum-cake-for-students-day","73":"product_tag-rum-cake-for-sweet-lovers-day","74":"product_tag-rum-cake-for-tasting","75":"product_tag-rum-cake-for-teachers-day","76":"product_tag-rum-cake-for-the-ambrosia-lovers-day","77":"product_tag-rum-cake-for-the-aroma-lovers-day","78":"product_tag-rum-cake-for-the-aroma-lovers-day-elixir","79":"product_tag-rum-cake-for-the-beatitude-lovers-day","80":"product_tag-rum-cake-for-the-bouquet-lovers-day","81":"product_tag-rum-cake-for-the-concentrate-lovers-day","82":"product_tag-rum-cake-for-the-delight-lovers-day","83":"product_tag-rum-cake-for-the-enjoyment-lovers-day","84":"product_tag-rum-cake-for-the-essence-lovers-day","85":"product_tag-rum-cake-for-the-extase-lovers-day","86":"product_tag-rum-cake-for-the-extract-lovers-day","87":"product_tag-rum-cake-for-the-felicity-lovers-day","88":"product_tag-rum-cake-for-the-flavor-lovers-day","89":"product_tag-rum-cake-for-the-fragrance-lovers-day","90":"product_tag-rum-cake-for-the-full-bodied-lovers-day","91":"product_tag-rum-cake-for-the-gourmet-lovers-day","92":"product_tag-rum-cake-for-the-nectar-lovers-day","93":"product_tag-rum-cake-for-the-odor-lovers-day","94":"product_tag-rum-cake-for-the-party","95":"product_tag-rum-cake-for-the-perfume-lovers-day","96":"product_tag-rum-cake-for-the-pleasure-lovers-day","97":"product_tag-rum-cake-for-the-rapture-lovers-day","98":"product_tag-rum-cake-for-the-scent-lovers-day","99":"product_tag-rum-cake-for-the-spicy-lovers","100":"product_tag-rum-cake-for-the-sweet-lovers-day","101":"product_tag-rum-cake-for-the-taste-lovers-day","102":"product_tag-rum-cake-for-valentines-day","103":"product_tag-rum-cake-for-weddings","104":"product_tag-rum-cake-for-woody-lovers-day","105":"product_tag-rum-cake-for-writers-day","106":"product_tag-rum-soaked-cake","107":"product_tag-traditional-cake","109":"first","110":"instock","111":"product-type-variable","112":"has-default-attributes"},"yoast_head":"<!-- This site is optimized with the Yoast SEO plugin v27.4 - https:\/\/yoast.com\/product\/yoast-seo-wordpress\/ -->\n<title>6 g\u00e2teaux au rhum antillais individuels Bayard Royal\u2122, Saveur authentique 100% naturelle, cadeau id\u00e9al et snack naturel, G\u00e2teau au rhum - Bayard Royal<\/title>\n<meta name=\"robots\" content=\"index, follow, max-snippet:-1, max-image-preview:large, max-video-preview:-1\" \/>\n<link rel=\"canonical\" href=\"https:\/\/bayardroyal.com\/en\/product\/6-gateaux-au-rhum-antillais-individuels-bayard-royal-saveur-authentique-100-naturelle-cadeau-ideal-et-snack-naturel-gateau-au-rhum\/\" \/>\n<meta property=\"og:locale\" content=\"en_US\" \/>\n<meta property=\"og:type\" content=\"article\" \/>\n<meta property=\"og:title\" content=\"6 g\u00e2teaux au rhum antillais individuels Bayard Royal\u2122, Saveur authentique 100% naturelle, cadeau id\u00e9al et snack naturel, G\u00e2teau au rhum - Bayard Royal\" \/>\n<meta property=\"og:description\" content=\"Bayard Royal vend des g\u00e2teaux au rhum de la plus haute qualit\u00e9, 100 % naturels et de saveur originale. Nos g\u00e2teaux au rhum des Cara\u00efbes sont exceptionnels et ont une saveur distincte.\" \/>\n<meta property=\"og:url\" content=\"https:\/\/bayardroyal.com\/en\/product\/6-gateaux-au-rhum-antillais-individuels-bayard-royal-saveur-authentique-100-naturelle-cadeau-ideal-et-snack-naturel-gateau-au-rhum\/\" \/>\n<meta property=\"og:site_name\" content=\"Bayard Royal\" \/>\n<meta property=\"article:publisher\" content=\"https:\/\/www.facebook.com\/bayardroyal\" \/>\n<meta property=\"article:modified_time\" content=\"2025-11-28T13:17:58+00:00\" \/>\n<meta property=\"og:image\" content=\"https:\/\/bayardroyal.com\/wp-content\/uploads\/2023\/01\/254695620_277673254301857_6866820468947311632_n.jpg\" \/>\n\t<meta property=\"og:image:width\" content=\"1280\" \/>\n\t<meta property=\"og:image:height\" content=\"1600\" \/>\n\t<meta property=\"og:image:type\" content=\"image\/jpeg\" \/>\n<meta name=\"twitter:card\" content=\"summary_large_image\" \/>\n<meta name=\"twitter:label1\" content=\"Est. reading time\" \/>\n\t<meta name=\"twitter:data1\" content=\"3 minutes\" \/>\n<script type=\"application\/ld+json\" class=\"yoast-schema-graph\">{\"@context\":\"https:\\\/\\\/schema.org\",\"@graph\":[{\"@type\":\"WebPage\",\"@id\":\"https:\\\/\\\/bayardroyal.com\\\/produit\\\/6-gateaux-au-rhum-antillais-individuels-bayard-royal-saveur-authentique-100-naturelle-cadeau-ideal-et-snack-naturel-gateau-au-rhum\\\/\",\"url\":\"https:\\\/\\\/bayardroyal.com\\\/produit\\\/6-gateaux-au-rhum-antillais-individuels-bayard-royal-saveur-authentique-100-naturelle-cadeau-ideal-et-snack-naturel-gateau-au-rhum\\\/\",\"name\":\"6 g\u00e2teaux au rhum antillais individuels Bayard Royal\u2122, Saveur authentique 100% naturelle, cadeau id\u00e9al et snack naturel, G\u00e2teau au rhum - Bayard Royal\",\"isPartOf\":{\"@id\":\"https:\\\/\\\/bayardroyal.com\\\/#website\"},\"primaryImageOfPage\":{\"@id\":\"https:\\\/\\\/bayardroyal.com\\\/produit\\\/6-gateaux-au-rhum-antillais-individuels-bayard-royal-saveur-authentique-100-naturelle-cadeau-ideal-et-snack-naturel-gateau-au-rhum\\\/#primaryimage\"},\"image\":{\"@id\":\"https:\\\/\\\/bayardroyal.com\\\/produit\\\/6-gateaux-au-rhum-antillais-individuels-bayard-royal-saveur-authentique-100-naturelle-cadeau-ideal-et-snack-naturel-gateau-au-rhum\\\/#primaryimage\"},\"thumbnailUrl\":\"https:\\\/\\\/bayardroyal.com\\\/wp-content\\\/uploads\\\/2023\\\/01\\\/254695620_277673254301857_6866820468947311632_n.jpg\",\"datePublished\":\"2023-01-18T21:13:01+00:00\",\"dateModified\":\"2025-11-28T13:17:58+00:00\",\"breadcrumb\":{\"@id\":\"https:\\\/\\\/bayardroyal.com\\\/produit\\\/6-gateaux-au-rhum-antillais-individuels-bayard-royal-saveur-authentique-100-naturelle-cadeau-ideal-et-snack-naturel-gateau-au-rhum\\\/#breadcrumb\"},\"inLanguage\":\"en-CA\",\"potentialAction\":[{\"@type\":\"ReadAction\",\"target\":[\"https:\\\/\\\/bayardroyal.com\\\/produit\\\/6-gateaux-au-rhum-antillais-individuels-bayard-royal-saveur-authentique-100-naturelle-cadeau-ideal-et-snack-naturel-gateau-au-rhum\\\/\"]}]},{\"@type\":\"ImageObject\",\"inLanguage\":\"en-CA\",\"@id\":\"https:\\\/\\\/bayardroyal.com\\\/produit\\\/6-gateaux-au-rhum-antillais-individuels-bayard-royal-saveur-authentique-100-naturelle-cadeau-ideal-et-snack-naturel-gateau-au-rhum\\\/#primaryimage\",\"url\":\"https:\\\/\\\/bayardroyal.com\\\/wp-content\\\/uploads\\\/2023\\\/01\\\/254695620_277673254301857_6866820468947311632_n.jpg\",\"contentUrl\":\"https:\\\/\\\/bayardroyal.com\\\/wp-content\\\/uploads\\\/2023\\\/01\\\/254695620_277673254301857_6866820468947311632_n.jpg\",\"width\":1280,\"height\":1600,\"caption\":\"a hand grabbing a individual rum cake.on the table you also have 3 other rum cakes and 2 small packaging\"},{\"@type\":\"BreadcrumbList\",\"@id\":\"https:\\\/\\\/bayardroyal.com\\\/produit\\\/6-gateaux-au-rhum-antillais-individuels-bayard-royal-saveur-authentique-100-naturelle-cadeau-ideal-et-snack-naturel-gateau-au-rhum\\\/#breadcrumb\",\"itemListElement\":[{\"@type\":\"ListItem\",\"position\":1,\"name\":\"Home\",\"item\":\"https:\\\/\\\/bayardroyal.com\\\/\"},{\"@type\":\"ListItem\",\"position\":2,\"name\":\"Boutique\",\"item\":\"https:\\\/\\\/bayardroyal.com\\\/boutique\\\/\"},{\"@type\":\"ListItem\",\"position\":3,\"name\":\"6 g\u00e2teaux au rhum antillais individuels Bayard Royal\u2122, Saveur authentique 100% naturelle, cadeau id\u00e9al et snack naturel, G\u00e2teau au rhum\"}]},{\"@type\":\"WebSite\",\"@id\":\"https:\\\/\\\/bayardroyal.com\\\/#website\",\"url\":\"https:\\\/\\\/bayardroyal.com\\\/\",\"name\":\"Bayard Royal\",\"description\":\"G\u00e2teaux au rhum des Cara\u00efbes\",\"publisher\":{\"@id\":\"https:\\\/\\\/bayardroyal.com\\\/#organization\"},\"potentialAction\":[{\"@type\":\"SearchAction\",\"target\":{\"@type\":\"EntryPoint\",\"urlTemplate\":\"https:\\\/\\\/bayardroyal.com\\\/?s={search_term_string}\"},\"query-input\":{\"@type\":\"PropertyValueSpecification\",\"valueRequired\":true,\"valueName\":\"search_term_string\"}}],\"inLanguage\":\"en-CA\"},{\"@type\":\"Organization\",\"@id\":\"https:\\\/\\\/bayardroyal.com\\\/#organization\",\"name\":\"Bayard Royal\",\"url\":\"https:\\\/\\\/bayardroyal.com\\\/\",\"logo\":{\"@type\":\"ImageObject\",\"inLanguage\":\"en-CA\",\"@id\":\"https:\\\/\\\/bayardroyal.com\\\/#\\\/schema\\\/logo\\\/image\\\/\",\"url\":\"https:\\\/\\\/bayardroyal.com\\\/wp-content\\\/uploads\\\/2023\\\/01\\\/cropped-BAYARD_ROYAL_COPPER_400x.png\",\"contentUrl\":\"https:\\\/\\\/bayardroyal.com\\\/wp-content\\\/uploads\\\/2023\\\/01\\\/cropped-BAYARD_ROYAL_COPPER_400x.png\",\"width\":400,\"height\":343,\"caption\":\"Bayard Royal\"},\"image\":{\"@id\":\"https:\\\/\\\/bayardroyal.com\\\/#\\\/schema\\\/logo\\\/image\\\/\"},\"sameAs\":[\"https:\\\/\\\/www.facebook.com\\\/bayardroyal\",\"https:\\\/\\\/www.instagram.com\\\/bayardroyal\\\/\",\"https:\\\/\\\/www.tiktok.com\\\/@bayardroyal\"]}]}<\/script>\n<!-- \/ Yoast SEO plugin. -->","yoast_head_json":{"title":"6 g\u00e2teaux au rhum antillais individuels Bayard Royal\u2122, Saveur authentique 100% naturelle, cadeau id\u00e9al et snack naturel, G\u00e2teau au rhum - Bayard Royal","robots":{"index":"index","follow":"follow","max-snippet":"max-snippet:-1","max-image-preview":"max-image-preview:large","max-video-preview":"max-video-preview:-1"},"canonical":"https:\/\/bayardroyal.com\/en\/product\/6-gateaux-au-rhum-antillais-individuels-bayard-royal-saveur-authentique-100-naturelle-cadeau-ideal-et-snack-naturel-gateau-au-rhum\/","og_locale":"en_US","og_type":"article","og_title":"6 g\u00e2teaux au rhum antillais individuels Bayard Royal\u2122, Saveur authentique 100% naturelle, cadeau id\u00e9al et snack naturel, G\u00e2teau au rhum - Bayard Royal","og_description":"Bayard Royal vend des g\u00e2teaux au rhum de la plus haute qualit\u00e9, 100 % naturels et de saveur originale. Nos g\u00e2teaux au rhum des Cara\u00efbes sont exceptionnels et ont une saveur distincte.","og_url":"https:\/\/bayardroyal.com\/en\/product\/6-gateaux-au-rhum-antillais-individuels-bayard-royal-saveur-authentique-100-naturelle-cadeau-ideal-et-snack-naturel-gateau-au-rhum\/","og_site_name":"Bayard Royal","article_publisher":"https:\/\/www.facebook.com\/bayardroyal","article_modified_time":"2025-11-28T13:17:58+00:00","og_image":[{"width":1280,"height":1600,"url":"https:\/\/bayardroyal.com\/wp-content\/uploads\/2023\/01\/254695620_277673254301857_6866820468947311632_n.jpg","type":"image\/jpeg"}],"twitter_card":"summary_large_image","twitter_misc":{"Est. reading time":"3 minutes"},"schema":{"@context":"https:\/\/schema.org","@graph":[{"@type":"WebPage","@id":"https:\/\/bayardroyal.com\/produit\/6-gateaux-au-rhum-antillais-individuels-bayard-royal-saveur-authentique-100-naturelle-cadeau-ideal-et-snack-naturel-gateau-au-rhum\/","url":"https:\/\/bayardroyal.com\/produit\/6-gateaux-au-rhum-antillais-individuels-bayard-royal-saveur-authentique-100-naturelle-cadeau-ideal-et-snack-naturel-gateau-au-rhum\/","name":"6 g\u00e2teaux au rhum antillais individuels Bayard Royal\u2122, Saveur authentique 100% naturelle, cadeau id\u00e9al et snack naturel, G\u00e2teau au rhum - Bayard Royal","isPartOf":{"@id":"https:\/\/bayardroyal.com\/#website"},"primaryImageOfPage":{"@id":"https:\/\/bayardroyal.com\/produit\/6-gateaux-au-rhum-antillais-individuels-bayard-royal-saveur-authentique-100-naturelle-cadeau-ideal-et-snack-naturel-gateau-au-rhum\/#primaryimage"},"image":{"@id":"https:\/\/bayardroyal.com\/produit\/6-gateaux-au-rhum-antillais-individuels-bayard-royal-saveur-authentique-100-naturelle-cadeau-ideal-et-snack-naturel-gateau-au-rhum\/#primaryimage"},"thumbnailUrl":"https:\/\/bayardroyal.com\/wp-content\/uploads\/2023\/01\/254695620_277673254301857_6866820468947311632_n.jpg","datePublished":"2023-01-18T21:13:01+00:00","dateModified":"2025-11-28T13:17:58+00:00","breadcrumb":{"@id":"https:\/\/bayardroyal.com\/produit\/6-gateaux-au-rhum-antillais-individuels-bayard-royal-saveur-authentique-100-naturelle-cadeau-ideal-et-snack-naturel-gateau-au-rhum\/#breadcrumb"},"inLanguage":"en-CA","potentialAction":[{"@type":"ReadAction","target":["https:\/\/bayardroyal.com\/produit\/6-gateaux-au-rhum-antillais-individuels-bayard-royal-saveur-authentique-100-naturelle-cadeau-ideal-et-snack-naturel-gateau-au-rhum\/"]}]},{"@type":"ImageObject","inLanguage":"en-CA","@id":"https:\/\/bayardroyal.com\/produit\/6-gateaux-au-rhum-antillais-individuels-bayard-royal-saveur-authentique-100-naturelle-cadeau-ideal-et-snack-naturel-gateau-au-rhum\/#primaryimage","url":"https:\/\/bayardroyal.com\/wp-content\/uploads\/2023\/01\/254695620_277673254301857_6866820468947311632_n.jpg","contentUrl":"https:\/\/bayardroyal.com\/wp-content\/uploads\/2023\/01\/254695620_277673254301857_6866820468947311632_n.jpg","width":1280,"height":1600,"caption":"a hand grabbing a individual rum cake.on the table you also have 3 other rum cakes and 2 small packaging"},{"@type":"BreadcrumbList","@id":"https:\/\/bayardroyal.com\/produit\/6-gateaux-au-rhum-antillais-individuels-bayard-royal-saveur-authentique-100-naturelle-cadeau-ideal-et-snack-naturel-gateau-au-rhum\/#breadcrumb","itemListElement":[{"@type":"ListItem","position":1,"name":"Home","item":"https:\/\/bayardroyal.com\/"},{"@type":"ListItem","position":2,"name":"Boutique","item":"https:\/\/bayardroyal.com\/boutique\/"},{"@type":"ListItem","position":3,"name":"6 g\u00e2teaux au rhum antillais individuels Bayard Royal\u2122, Saveur authentique 100% naturelle, cadeau id\u00e9al et snack naturel, G\u00e2teau au rhum"}]},{"@type":"WebSite","@id":"https:\/\/bayardroyal.com\/#website","url":"https:\/\/bayardroyal.com\/","name":"Bayard Royal","description":"G\u00e2teaux au rhum des Cara\u00efbes","publisher":{"@id":"https:\/\/bayardroyal.com\/#organization"},"potentialAction":[{"@type":"SearchAction","target":{"@type":"EntryPoint","urlTemplate":"https:\/\/bayardroyal.com\/?s={search_term_string}"},"query-input":{"@type":"PropertyValueSpecification","valueRequired":true,"valueName":"search_term_string"}}],"inLanguage":"en-CA"},{"@type":"Organization","@id":"https:\/\/bayardroyal.com\/#organization","name":"Bayard Royal","url":"https:\/\/bayardroyal.com\/","logo":{"@type":"ImageObject","inLanguage":"en-CA","@id":"https:\/\/bayardroyal.com\/#\/schema\/logo\/image\/","url":"https:\/\/bayardroyal.com\/wp-content\/uploads\/2023\/01\/cropped-BAYARD_ROYAL_COPPER_400x.png","contentUrl":"https:\/\/bayardroyal.com\/wp-content\/uploads\/2023\/01\/cropped-BAYARD_ROYAL_COPPER_400x.png","width":400,"height":343,"caption":"Bayard Royal"},"image":{"@id":"https:\/\/bayardroyal.com\/#\/schema\/logo\/image\/"},"sameAs":["https:\/\/www.facebook.com\/bayardroyal","https:\/\/www.instagram.com\/bayardroyal\/","https:\/\/www.tiktok.com\/@bayardroyal"]}]}},"_links":{"self":[{"href":"https:\/\/bayardroyal.com\/en\/wp-json\/wp\/v2\/product\/10412","targetHints":{"allow":["GET"]}}],"collection":[{"href":"https:\/\/bayardroyal.com\/en\/wp-json\/wp\/v2\/product"}],"about":[{"href":"https:\/\/bayardroyal.com\/en\/wp-json\/wp\/v2\/types\/product"}],"version-history":[{"count":3,"href":"https:\/\/bayardroyal.com\/en\/wp-json\/wp\/v2\/product\/10412\/revisions"}],"predecessor-version":[{"id":11905,"href":"https:\/\/bayardroyal.com\/en\/wp-json\/wp\/v2\/product\/10412\/revisions\/11905"}],"wp:featuredmedia":[{"embeddable":true,"href":"https:\/\/bayardroyal.com\/en\/wp-json\/wp\/v2\/media\/10414"}],"wp:attachment":[{"href":"https:\/\/bayardroyal.com\/en\/wp-json\/wp\/v2\/media?parent=10412"}],"wp:term":[{"taxonomy":"product_cat","embeddable":true,"href":"https:\/\/bayardroyal.com\/en\/wp-json\/wp\/v2\/product_cat?post=10412"},{"taxonomy":"product_tag","embeddable":true,"href":"https:\/\/bayardroyal.com\/en\/wp-json\/wp\/v2\/product_tag?post=10412"}],"curies":[{"name":"wp","href":"https:\/\/api.w.org\/{rel}","templated":true}]}}