{"id":293,"date":"2021-11-03T02:45:01","date_gmt":"2021-11-03T02:45:01","guid":{"rendered":"https:\/\/demo2wpopal.b-cdn.net\/xocora\/?page_id=293"},"modified":"2024-09-24T05:23:50","modified_gmt":"2024-09-24T05:23:50","slug":"a-propos","status":"publish","type":"page","link":"https:\/\/bayardroyal.com\/en\/a-propos\/","title":{"rendered":"About"},"content":{"rendered":"<div data-elementor-type=\"wp-page\" data-elementor-id=\"293\" class=\"elementor elementor-293\">\n\t\t\t\t\t\t<div class=\"elementor-section elementor-top-section elementor-element elementor-element-d25e03c elementor-section-height-min-height elementor-section-full_width elementor-section-stretched elementor-section-height-default elementor-section-items-middle\" data-id=\"d25e03c\" data-element_type=\"section\" data-e-type=\"section\" data-settings=\"{&quot;background_background&quot;:&quot;classic&quot;,&quot;stretch_section&quot;:&quot;section-stretched&quot;}\">\n\t\t\t\t\t\t<div class=\"elementor-container elementor-column-gap-default\">\n\t\t\t\t\t<div class=\"elementor-column elementor-col-100 elementor-top-column elementor-element elementor-element-e70a5da\" data-id=\"e70a5da\" data-element_type=\"column\" data-e-type=\"column\">\n\t\t\t<div class=\"elementor-widget-wrap elementor-element-populated\">\n\t\t\t\t\t\t<div class=\"elementor-element elementor-element-5723279 woocommerce-breadcrumb-hidden-yes elementor-widget elementor-widget-woocommerce-breadcrumb\" data-id=\"5723279\" data-element_type=\"widget\" data-e-type=\"widget\" data-widget_type=\"woocommerce-breadcrumb.default\">\n\t\t\t\t<div class=\"elementor-widget-container\">\n\t\t\t\t\t<nav class=\"woocommerce-breadcrumb\">Home Page<\/nav><div class=\"xocora-woocommerce-title\">Home Page<\/div>\t\t\t\t<\/div>\n\t\t\t\t<\/div>\n\t\t\t\t\t<\/div>\n\t\t<\/div>\n\t\t\t\t\t<\/div>\n\t\t<\/div>\n\t\t\t\t<div class=\"elementor-section elementor-top-section elementor-element elementor-element-b84f98a elementor-section-full_width elementor-section-stretched elementor-section-height-default elementor-section-height-default\" data-id=\"b84f98a\" data-element_type=\"section\" data-e-type=\"section\" data-settings=\"{&quot;stretch_section&quot;:&quot;section-stretched&quot;,&quot;background_background&quot;:&quot;classic&quot;}\">\n\t\t\t\t\t\t<div class=\"elementor-container elementor-column-gap-no\">\n\t\t\t\t\t<div class=\"elementor-column elementor-col-100 elementor-top-column elementor-element elementor-element-aed1b0a\" data-id=\"aed1b0a\" data-element_type=\"column\" data-e-type=\"column\" data-settings=\"{&quot;background_background&quot;:&quot;classic&quot;}\">\n\t\t\t<div class=\"elementor-widget-wrap elementor-element-populated\">\n\t\t\t\t\t\t<div class=\"elementor-section elementor-inner-section elementor-element elementor-element-2a3703e elementor-section-boxed elementor-section-height-default elementor-section-height-default\" data-id=\"2a3703e\" data-element_type=\"section\" data-e-type=\"section\">\n\t\t\t\t\t\t<div class=\"elementor-container elementor-column-gap-no\">\n\t\t\t\t\t<div class=\"elementor-column elementor-col-50 elementor-inner-column elementor-element elementor-element-9dc2b6e\" data-id=\"9dc2b6e\" data-element_type=\"column\" data-e-type=\"column\">\n\t\t\t<div class=\"elementor-widget-wrap elementor-element-populated\">\n\t\t\t\t\t\t<div class=\"elementor-element elementor-element-b4633d3 elementor-widget elementor-widget-image\" data-id=\"b4633d3\" data-element_type=\"widget\" data-e-type=\"widget\" data-widget_type=\"image.default\">\n\t\t\t\t<div class=\"elementor-widget-container\">\n\t\t\t\t\t\t\t\t\t\t\t\t\t\t\t<img fetchpriority=\"high\" decoding=\"async\" width=\"840\" height=\"561\" src=\"https:\/\/bayardroyal.com\/wp-content\/uploads\/2023\/01\/image_2023-01-18_140808586.png\" class=\"attachment-full size-full wp-image-10261\" alt=\"\" srcset=\"https:\/\/bayardroyal.com\/wp-content\/uploads\/2023\/01\/image_2023-01-18_140808586.png 840w, https:\/\/bayardroyal.com\/wp-content\/uploads\/2023\/01\/image_2023-01-18_140808586-800x534.png 800w, https:\/\/bayardroyal.com\/wp-content\/uploads\/2023\/01\/image_2023-01-18_140808586-300x200.png 300w, https:\/\/bayardroyal.com\/wp-content\/uploads\/2023\/01\/image_2023-01-18_140808586-768x513.png 768w, https:\/\/bayardroyal.com\/wp-content\/uploads\/2023\/01\/image_2023-01-18_140808586-630x421.png 630w\" sizes=\"(max-width: 840px) 100vw, 840px\" \/>\t\t\t\t\t\t\t\t\t\t\t\t\t\t\t<\/div>\n\t\t\t\t<\/div>\n\t\t\t\t\t<\/div>\n\t\t<\/div>\n\t\t\t\t<div class=\"elementor-column elementor-col-50 elementor-inner-column elementor-element elementor-element-9b6d252\" data-id=\"9b6d252\" data-element_type=\"column\" data-e-type=\"column\">\n\t\t\t<div class=\"elementor-widget-wrap elementor-element-populated\">\n\t\t\t\t\t\t<div class=\"elementor-element elementor-element-7f6e7ba elementor-widget elementor-widget-heading\" data-id=\"7f6e7ba\" data-element_type=\"widget\" data-e-type=\"widget\" data-widget_type=\"heading.default\">\n\t\t\t\t<div class=\"elementor-widget-container\">\n\t\t\t\t\t<h2 class=\"elementor-heading-title elementor-size-default\">Bayard Royal\u2122, homemade cakes that promote taste above all else<\/h2>\t\t\t\t<\/div>\n\t\t\t\t<\/div>\n\t\t\t\t<div class=\"elementor-element elementor-element-0f5fce5 elementor-widget elementor-widget-text-editor\" data-id=\"0f5fce5\" data-element_type=\"widget\" data-e-type=\"widget\" data-widget_type=\"text-editor.default\">\n\t\t\t\t<div class=\"elementor-widget-container\">\n\t\t\t\t\t\t\t\t\t<p><span style=\"font-size: 16px;\">Bayard Royal\u2122 is a spirit-soaked cake company, born in the multicultural core of Montreal, Quebec. At Bayard Royal\u2122, respect for ingredients and time are essential elements in the production of our pastries. Our signature product, the rum cake, is the realization of our vision. Even more, it is an invitation to a gustatory journey that immerses you in the heart of our universe, our culture and our history. Here, you taste the best of homemade and the pleasure of sharing unique creations with those you love.<\/span><\/p>\t\t\t\t\t\t\t\t<\/div>\n\t\t\t\t<\/div>\n\t\t\t\t\t<\/div>\n\t\t<\/div>\n\t\t\t\t\t<\/div>\n\t\t<\/div>\n\t\t\t\t\t<\/div>\n\t\t<\/div>\n\t\t\t\t\t<\/div>\n\t\t<\/div>\n\t\t\t\t<section class=\"elementor-section elementor-top-section elementor-element elementor-element-664a103 elementor-reverse-mobile elementor-section-boxed elementor-section-height-default elementor-section-height-default\" data-id=\"664a103\" data-element_type=\"section\" data-e-type=\"section\">\n\t\t\t\t\t\t<div class=\"elementor-container elementor-column-gap-default\">\n\t\t\t\t\t<div class=\"elementor-column elementor-col-50 elementor-top-column elementor-element elementor-element-ad30d13\" data-id=\"ad30d13\" data-element_type=\"column\" data-e-type=\"column\">\n\t\t\t<div class=\"elementor-widget-wrap elementor-element-populated\">\n\t\t\t\t\t\t<div class=\"elementor-element elementor-element-70d67e1 elementor-widget elementor-widget-heading\" data-id=\"70d67e1\" data-element_type=\"widget\" data-e-type=\"widget\" data-widget_type=\"heading.default\">\n\t\t\t\t<div class=\"elementor-widget-container\">\n\t\t\t\t\t<h2 class=\"elementor-heading-title elementor-size-default\">Fr\u00e9nie, founder of Bayard Royal\u2122 and creator of gourmet memories<\/h2>\t\t\t\t<\/div>\n\t\t\t\t<\/div>\n\t\t\t\t<div class=\"elementor-element elementor-element-7295547 elementor-widget elementor-widget-text-editor\" data-id=\"7295547\" data-element_type=\"widget\" data-e-type=\"widget\" data-widget_type=\"text-editor.default\">\n\t\t\t\t<div class=\"elementor-widget-container\">\n\t\t\t\t\t\t\t\t\t<p class=\"text-title\"><span style=\"font-size: 16px;\">Bayard Royal\u2122 originated in the kitchen of my grandmother Elza Bayard. We are then in Gonaives in Haiti in the family home, in the countryside, where eggs and flour are never lacking.<\/span><\/p><div class=\"rte\"><p>With her, I learned about pastry and learned the importance of the choice of ingredients in the search for quality. I discover the art of making delicious cakes and she teaches me the secret of the dough. His specialty: pour a cap of rum into the mixture to enhance the taste and awaken the taste buds.<\/p><p>The balance of flavors, constant to which she never departs, impregnates me. I thrive in this universe where passion and creativity go hand in hand. I then nurture this love for the artisanal production of cakes with an authentic taste; comforting rum-infused desserts that lend themselves to any occasion. Rum is the traditional ingredient found at all West Indian tables.<\/p><p>In 2015, I realized my dream of creating my pastry business with the launch of Bayard Gateaux where I mainly make cakes for large celebrations. Then, during the summer of 2020, a couple of friends offered me a vacuum-packed cake soaked in rum syrup, straight from the United States. The idea of creating a pastry that can travel was born in me. So begins a new adventure with Bayard Royal \u2122 where I stage my flagship product - the rum cake, a creation to pay tribute to my grandmother, my culture and the love of homemade.<\/p><\/div>\t\t\t\t\t\t\t\t<\/div>\n\t\t\t\t<\/div>\n\t\t\t\t\t<\/div>\n\t\t<\/div>\n\t\t\t\t<div class=\"elementor-column elementor-col-50 elementor-top-column elementor-element elementor-element-32a48e8\" data-id=\"32a48e8\" data-element_type=\"column\" data-e-type=\"column\">\n\t\t\t<div class=\"elementor-widget-wrap elementor-element-populated\">\n\t\t\t\t\t\t<div class=\"elementor-element elementor-element-421ee56 elementor-widget elementor-widget-image\" data-id=\"421ee56\" data-element_type=\"widget\" data-e-type=\"widget\" data-widget_type=\"image.default\">\n\t\t\t\t<div class=\"elementor-widget-container\">\n\t\t\t\t\t\t\t\t\t\t\t\t\t\t\t<img decoding=\"async\" width=\"768\" height=\"1024\" src=\"https:\/\/bayardroyal.com\/wp-content\/uploads\/2023\/01\/image_2023-01-18_141120580-768x1024.png\" class=\"attachment-large size-large wp-image-10267\" alt=\"\" srcset=\"https:\/\/bayardroyal.com\/wp-content\/uploads\/2023\/01\/image_2023-01-18_141120580-768x1024.png 768w, https:\/\/bayardroyal.com\/wp-content\/uploads\/2023\/01\/image_2023-01-18_141120580-800x1067.png 800w, https:\/\/bayardroyal.com\/wp-content\/uploads\/2023\/01\/image_2023-01-18_141120580-225x300.png 225w, https:\/\/bayardroyal.com\/wp-content\/uploads\/2023\/01\/image_2023-01-18_141120580-630x840.png 630w, https:\/\/bayardroyal.com\/wp-content\/uploads\/2023\/01\/image_2023-01-18_141120580.png 900w\" sizes=\"(max-width: 768px) 100vw, 768px\" \/>\t\t\t\t\t\t\t\t\t\t\t\t\t\t\t<\/div>\n\t\t\t\t<\/div>\n\t\t\t\t\t<\/div>\n\t\t<\/div>\n\t\t\t\t\t<\/div>\n\t\t<\/section>\n\t\t\t\t<section class=\"elementor-section elementor-top-section elementor-element elementor-element-dd9c086 elementor-section-boxed elementor-section-height-default elementor-section-height-default\" data-id=\"dd9c086\" data-element_type=\"section\" data-e-type=\"section\">\n\t\t\t\t\t\t<div class=\"elementor-container elementor-column-gap-default\">\n\t\t\t\t\t<div class=\"elementor-column elementor-col-50 elementor-top-column elementor-element elementor-element-fdc7a66\" data-id=\"fdc7a66\" data-element_type=\"column\" data-e-type=\"column\">\n\t\t\t<div class=\"elementor-widget-wrap elementor-element-populated\">\n\t\t\t\t\t\t<div class=\"elementor-element elementor-element-87c01a0 elementor-widget elementor-widget-image\" data-id=\"87c01a0\" data-element_type=\"widget\" data-e-type=\"widget\" data-widget_type=\"image.default\">\n\t\t\t\t<div class=\"elementor-widget-container\">\n\t\t\t\t\t\t\t\t\t\t\t\t\t\t\t<img decoding=\"async\" width=\"840\" height=\"561\" src=\"https:\/\/bayardroyal.com\/wp-content\/uploads\/2023\/01\/image_2023-01-18_141350284.png\" class=\"attachment-large size-large wp-image-10275\" alt=\"\" srcset=\"https:\/\/bayardroyal.com\/wp-content\/uploads\/2023\/01\/image_2023-01-18_141350284.png 840w, https:\/\/bayardroyal.com\/wp-content\/uploads\/2023\/01\/image_2023-01-18_141350284-800x534.png 800w, https:\/\/bayardroyal.com\/wp-content\/uploads\/2023\/01\/image_2023-01-18_141350284-300x200.png 300w, https:\/\/bayardroyal.com\/wp-content\/uploads\/2023\/01\/image_2023-01-18_141350284-768x513.png 768w, https:\/\/bayardroyal.com\/wp-content\/uploads\/2023\/01\/image_2023-01-18_141350284-630x421.png 630w\" sizes=\"(max-width: 840px) 100vw, 840px\" \/>\t\t\t\t\t\t\t\t\t\t\t\t\t\t\t<\/div>\n\t\t\t\t<\/div>\n\t\t\t\t<div class=\"elementor-element elementor-element-3f96bd6 elementor-widget elementor-widget-image\" data-id=\"3f96bd6\" data-element_type=\"widget\" data-e-type=\"widget\" data-widget_type=\"image.default\">\n\t\t\t\t<div class=\"elementor-widget-container\">\n\t\t\t\t\t\t\t\t\t\t\t\t\t\t\t<img loading=\"lazy\" decoding=\"async\" width=\"800\" height=\"600\" src=\"https:\/\/bayardroyal.com\/wp-content\/uploads\/2023\/01\/Cakeavecfleurs800_600_900x.jpg\" class=\"attachment-large size-large wp-image-9917\" alt=\"\" srcset=\"https:\/\/bayardroyal.com\/wp-content\/uploads\/2023\/01\/Cakeavecfleurs800_600_900x.jpg 800w, https:\/\/bayardroyal.com\/wp-content\/uploads\/2023\/01\/Cakeavecfleurs800_600_900x-600x450.jpg 600w, https:\/\/bayardroyal.com\/wp-content\/uploads\/2023\/01\/Cakeavecfleurs800_600_900x-300x225.jpg 300w, https:\/\/bayardroyal.com\/wp-content\/uploads\/2023\/01\/Cakeavecfleurs800_600_900x-768x576.jpg 768w, https:\/\/bayardroyal.com\/wp-content\/uploads\/2023\/01\/Cakeavecfleurs800_600_900x-630x473.jpg 630w\" sizes=\"(max-width: 800px) 100vw, 800px\" \/>\t\t\t\t\t\t\t\t\t\t\t\t\t\t\t<\/div>\n\t\t\t\t<\/div>\n\t\t\t\t\t<\/div>\n\t\t<\/div>\n\t\t\t\t<div class=\"elementor-column elementor-col-50 elementor-top-column elementor-element elementor-element-4707851\" data-id=\"4707851\" data-element_type=\"column\" data-e-type=\"column\">\n\t\t\t<div class=\"elementor-widget-wrap elementor-element-populated\">\n\t\t\t\t\t\t<div class=\"elementor-element elementor-element-6295d60 elementor-widget elementor-widget-heading\" data-id=\"6295d60\" data-element_type=\"widget\" data-e-type=\"widget\" data-widget_type=\"heading.default\">\n\t\t\t\t<div class=\"elementor-widget-container\">\n\t\t\t\t\t<h2 class=\"elementor-heading-title elementor-size-default\">Bayard Royal\u2122, home-made excellence that defies time<\/h2>\t\t\t\t<\/div>\n\t\t\t\t<\/div>\n\t\t\t\t<div class=\"elementor-element elementor-element-0c036e4 elementor-widget elementor-widget-text-editor\" data-id=\"0c036e4\" data-element_type=\"widget\" data-e-type=\"widget\" data-widget_type=\"text-editor.default\">\n\t\t\t\t<div class=\"elementor-widget-container\">\n\t\t\t\t\t\t\t\t\t<p class=\"text-title\"><span style=\"font-size: 16px;\">At Bayard Royal\u2122, we offer a unique experience to epicureans eager for taste discoveries. Our desserts generously soaked in spirits are a nod to our culture and our history. Our mission is sincere, we love to contribute to your daily gourmet pleasures, one cake at a time.<\/span><\/p><div class=\"rte\"><p>By creating Bayard Royal\u2122, we are bringing our grandmothers' homemade cakes up to date. We give them the elegance they deserve while keeping the rustic look that we give them so well.<\/p><p>Prepared with the greatest care, our spirit-based desserts give off delicate, vegetal and sometimes floral notes. They will awaken all your senses thanks to their flavors, their soft texture, their pleasant fragrance and their unique aesthetics.<\/p><p>Without frills, our cakes celebrate the art of simplicity and bring a touch of magic to your celebrations. The West Indian rum cake is a holiday must-have on its own. To achieve perfection, we do not use fermented molasses with an overly strong taste. Our secret lies in the preparation of the paste mixed with agricultural rum, distilled directly from freshly squeezed sugar cane juice.<\/p><p>We are proud to offer you products made with 100% natural ingredients. With spirits as a natural preservative and vacuum packaging, our products can travel beyond Montreal borders and be distributed throughout the province of Quebec and Toronto. They thus retain their taste and freshness.<\/p><p>Bayard Royal\u2122 is about savoring the present moment in full awareness, reviving your best memories and creating new ones with those who are dear to you.<\/p><p>Discover all of our cakes \u00a0<a title=\"caribbean rum cake\" href=\"https:\/\/bayardroyal.com\/en\/boutique\/\" data-ly-processed=\"1674068405227\">here.<\/a><\/p><\/div>\t\t\t\t\t\t\t\t<\/div>\n\t\t\t\t<\/div>\n\t\t\t\t\t<\/div>\n\t\t<\/div>\n\t\t\t\t\t<\/div>\n\t\t<\/section>\n\t\t\t\t<\/div>","protected":false},"excerpt":{"rendered":"<p>Bayard Royal\u2122, des g\u00e2teaux maison qui pr\u00f4nent le go\u00fbt avant tout Bayard Royal\u2122 est une entreprise de g\u00e2teaux imbib\u00e9s de spiritueux, n\u00e9e dans le noyau multiculturel de Montr\u00e9al, Qu\u00e9bec. Chez Bayard Royal\u2122, le respect des ingr\u00e9dients et le temps sont des \u00e9l\u00e9ments essentiels \u00e0 la r\u00e9alisation de nos p\u00e2tisseries. Notre produit signature, le g\u00e2teau au [&hellip;]<\/p>\n","protected":false},"author":1,"featured_media":0,"parent":0,"menu_order":0,"comment_status":"closed","ping_status":"closed","template":"template-homepage.php","meta":{"inline_featured_image":false,"_themeisle_gutenberg_block_has_review":false,"footnotes":""},"class_list":["post-293","page","type-page","status-publish","hentry"],"yoast_head":"<!-- This site is optimized with the Yoast SEO plugin v27.4 - https:\/\/yoast.com\/product\/yoast-seo-wordpress\/ -->\n<title>\u00c0 propos de Bayard Royal\u2122 - G\u00e2teaux au Rhum \u00e0 Montr\u00e9al<\/title>\n<meta name=\"description\" content=\"D\u00e9couvrez l&#039;histoire de Bayard Royal\u2122, cr\u00e9ateur de g\u00e2teaux au rhum \u00e0 Montr\u00e9al, d\u00e9di\u00e9s \u00e0 la qualit\u00e9 et \u00e0 l&#039;authenticit\u00e9.\" \/>\n<meta name=\"robots\" content=\"index, follow, max-snippet:-1, max-image-preview:large, max-video-preview:-1\" \/>\n<link rel=\"canonical\" href=\"https:\/\/bayardroyal.com\/en\/a-propos\/\" \/>\n<meta property=\"og:locale\" content=\"en_US\" \/>\n<meta property=\"og:type\" content=\"article\" \/>\n<meta property=\"og:title\" content=\"\u00c0 propos de Bayard Royal\u2122 - G\u00e2teaux au Rhum \u00e0 Montr\u00e9al\" \/>\n<meta property=\"og:description\" content=\"D\u00e9couvrez l&#039;histoire de Bayard Royal\u2122, cr\u00e9ateur de g\u00e2teaux au rhum \u00e0 Montr\u00e9al, d\u00e9di\u00e9s \u00e0 la qualit\u00e9 et \u00e0 l&#039;authenticit\u00e9.\" \/>\n<meta property=\"og:url\" content=\"https:\/\/bayardroyal.com\/en\/a-propos\/\" \/>\n<meta property=\"og:site_name\" content=\"Bayard Royal\" \/>\n<meta property=\"article:publisher\" content=\"https:\/\/www.facebook.com\/bayardroyal\" \/>\n<meta property=\"article:modified_time\" content=\"2024-09-24T05:23:50+00:00\" \/>\n<meta property=\"og:image\" content=\"https:\/\/bayardroyal.com\/wp-content\/uploads\/2023\/01\/image_2023-01-18_140808586.png\" \/>\n<meta name=\"twitter:card\" content=\"summary_large_image\" \/>\n<meta name=\"twitter:label1\" content=\"Est. reading time\" \/>\n\t<meta name=\"twitter:data1\" content=\"5 minutes\" \/>\n<script type=\"application\/ld+json\" class=\"yoast-schema-graph\">{\"@context\":\"https:\\\/\\\/schema.org\",\"@graph\":[{\"@type\":[\"WebPage\",\"AboutPage\"],\"@id\":\"https:\\\/\\\/bayardroyal.com\\\/a-propos\\\/\",\"url\":\"https:\\\/\\\/bayardroyal.com\\\/a-propos\\\/\",\"name\":\"\u00c0 propos de Bayard Royal\u2122 - G\u00e2teaux au Rhum \u00e0 Montr\u00e9al\",\"isPartOf\":{\"@id\":\"https:\\\/\\\/bayardroyal.com\\\/#website\"},\"primaryImageOfPage\":{\"@id\":\"https:\\\/\\\/bayardroyal.com\\\/a-propos\\\/#primaryimage\"},\"image\":{\"@id\":\"https:\\\/\\\/bayardroyal.com\\\/a-propos\\\/#primaryimage\"},\"thumbnailUrl\":\"https:\\\/\\\/bayardroyal.com\\\/wp-content\\\/uploads\\\/2023\\\/01\\\/image_2023-01-18_140808586.png\",\"datePublished\":\"2021-11-03T02:45:01+00:00\",\"dateModified\":\"2024-09-24T05:23:50+00:00\",\"description\":\"D\u00e9couvrez l'histoire de Bayard Royal\u2122, cr\u00e9ateur de g\u00e2teaux au rhum \u00e0 Montr\u00e9al, d\u00e9di\u00e9s \u00e0 la qualit\u00e9 et \u00e0 l'authenticit\u00e9.\",\"breadcrumb\":{\"@id\":\"https:\\\/\\\/bayardroyal.com\\\/a-propos\\\/#breadcrumb\"},\"inLanguage\":\"en-CA\",\"potentialAction\":[{\"@type\":\"ReadAction\",\"target\":[\"https:\\\/\\\/bayardroyal.com\\\/a-propos\\\/\"]}]},{\"@type\":\"ImageObject\",\"inLanguage\":\"en-CA\",\"@id\":\"https:\\\/\\\/bayardroyal.com\\\/a-propos\\\/#primaryimage\",\"url\":\"https:\\\/\\\/bayardroyal.com\\\/wp-content\\\/uploads\\\/2023\\\/01\\\/image_2023-01-18_140808586.png\",\"contentUrl\":\"https:\\\/\\\/bayardroyal.com\\\/wp-content\\\/uploads\\\/2023\\\/01\\\/image_2023-01-18_140808586.png\"},{\"@type\":\"BreadcrumbList\",\"@id\":\"https:\\\/\\\/bayardroyal.com\\\/a-propos\\\/#breadcrumb\",\"itemListElement\":[{\"@type\":\"ListItem\",\"position\":1,\"name\":\"Home\",\"item\":\"https:\\\/\\\/bayardroyal.com\\\/\"},{\"@type\":\"ListItem\",\"position\":2,\"name\":\"\u00c0 propos\"}]},{\"@type\":\"WebSite\",\"@id\":\"https:\\\/\\\/bayardroyal.com\\\/#website\",\"url\":\"https:\\\/\\\/bayardroyal.com\\\/\",\"name\":\"Bayard Royal\",\"description\":\"G\u00e2teaux au rhum des Cara\u00efbes\",\"publisher\":{\"@id\":\"https:\\\/\\\/bayardroyal.com\\\/#organization\"},\"potentialAction\":[{\"@type\":\"SearchAction\",\"target\":{\"@type\":\"EntryPoint\",\"urlTemplate\":\"https:\\\/\\\/bayardroyal.com\\\/?s={search_term_string}\"},\"query-input\":{\"@type\":\"PropertyValueSpecification\",\"valueRequired\":true,\"valueName\":\"search_term_string\"}}],\"inLanguage\":\"en-CA\"},{\"@type\":\"Organization\",\"@id\":\"https:\\\/\\\/bayardroyal.com\\\/#organization\",\"name\":\"Bayard Royal\",\"url\":\"https:\\\/\\\/bayardroyal.com\\\/\",\"logo\":{\"@type\":\"ImageObject\",\"inLanguage\":\"en-CA\",\"@id\":\"https:\\\/\\\/bayardroyal.com\\\/#\\\/schema\\\/logo\\\/image\\\/\",\"url\":\"https:\\\/\\\/bayardroyal.com\\\/wp-content\\\/uploads\\\/2023\\\/01\\\/cropped-BAYARD_ROYAL_COPPER_400x.png\",\"contentUrl\":\"https:\\\/\\\/bayardroyal.com\\\/wp-content\\\/uploads\\\/2023\\\/01\\\/cropped-BAYARD_ROYAL_COPPER_400x.png\",\"width\":400,\"height\":343,\"caption\":\"Bayard Royal\"},\"image\":{\"@id\":\"https:\\\/\\\/bayardroyal.com\\\/#\\\/schema\\\/logo\\\/image\\\/\"},\"sameAs\":[\"https:\\\/\\\/www.facebook.com\\\/bayardroyal\",\"https:\\\/\\\/www.instagram.com\\\/bayardroyal\\\/\",\"https:\\\/\\\/www.tiktok.com\\\/@bayardroyal\"]}]}<\/script>\n<!-- \/ Yoast SEO plugin. -->","yoast_head_json":{"title":"\u00c0 propos de Bayard Royal\u2122 - G\u00e2teaux au Rhum \u00e0 Montr\u00e9al","description":"D\u00e9couvrez l'histoire de Bayard Royal\u2122, cr\u00e9ateur de g\u00e2teaux au rhum \u00e0 Montr\u00e9al, d\u00e9di\u00e9s \u00e0 la qualit\u00e9 et \u00e0 l'authenticit\u00e9.","robots":{"index":"index","follow":"follow","max-snippet":"max-snippet:-1","max-image-preview":"max-image-preview:large","max-video-preview":"max-video-preview:-1"},"canonical":"https:\/\/bayardroyal.com\/en\/a-propos\/","og_locale":"en_US","og_type":"article","og_title":"\u00c0 propos de Bayard Royal\u2122 - G\u00e2teaux au Rhum \u00e0 Montr\u00e9al","og_description":"D\u00e9couvrez l'histoire de Bayard Royal\u2122, cr\u00e9ateur de g\u00e2teaux au rhum \u00e0 Montr\u00e9al, d\u00e9di\u00e9s \u00e0 la qualit\u00e9 et \u00e0 l'authenticit\u00e9.","og_url":"https:\/\/bayardroyal.com\/en\/a-propos\/","og_site_name":"Bayard Royal","article_publisher":"https:\/\/www.facebook.com\/bayardroyal","article_modified_time":"2024-09-24T05:23:50+00:00","og_image":[{"url":"https:\/\/bayardroyal.com\/wp-content\/uploads\/2023\/01\/image_2023-01-18_140808586.png","type":"","width":"","height":""}],"twitter_card":"summary_large_image","twitter_misc":{"Est. reading time":"5 minutes"},"schema":{"@context":"https:\/\/schema.org","@graph":[{"@type":["WebPage","AboutPage"],"@id":"https:\/\/bayardroyal.com\/a-propos\/","url":"https:\/\/bayardroyal.com\/a-propos\/","name":"\u00c0 propos de Bayard Royal\u2122 - G\u00e2teaux au Rhum \u00e0 Montr\u00e9al","isPartOf":{"@id":"https:\/\/bayardroyal.com\/#website"},"primaryImageOfPage":{"@id":"https:\/\/bayardroyal.com\/a-propos\/#primaryimage"},"image":{"@id":"https:\/\/bayardroyal.com\/a-propos\/#primaryimage"},"thumbnailUrl":"https:\/\/bayardroyal.com\/wp-content\/uploads\/2023\/01\/image_2023-01-18_140808586.png","datePublished":"2021-11-03T02:45:01+00:00","dateModified":"2024-09-24T05:23:50+00:00","description":"D\u00e9couvrez l'histoire de Bayard Royal\u2122, cr\u00e9ateur de g\u00e2teaux au rhum \u00e0 Montr\u00e9al, d\u00e9di\u00e9s \u00e0 la qualit\u00e9 et \u00e0 l'authenticit\u00e9.","breadcrumb":{"@id":"https:\/\/bayardroyal.com\/a-propos\/#breadcrumb"},"inLanguage":"en-CA","potentialAction":[{"@type":"ReadAction","target":["https:\/\/bayardroyal.com\/a-propos\/"]}]},{"@type":"ImageObject","inLanguage":"en-CA","@id":"https:\/\/bayardroyal.com\/a-propos\/#primaryimage","url":"https:\/\/bayardroyal.com\/wp-content\/uploads\/2023\/01\/image_2023-01-18_140808586.png","contentUrl":"https:\/\/bayardroyal.com\/wp-content\/uploads\/2023\/01\/image_2023-01-18_140808586.png"},{"@type":"BreadcrumbList","@id":"https:\/\/bayardroyal.com\/a-propos\/#breadcrumb","itemListElement":[{"@type":"ListItem","position":1,"name":"Home","item":"https:\/\/bayardroyal.com\/"},{"@type":"ListItem","position":2,"name":"\u00c0 propos"}]},{"@type":"WebSite","@id":"https:\/\/bayardroyal.com\/#website","url":"https:\/\/bayardroyal.com\/","name":"Bayard Royal","description":"G\u00e2teaux au rhum des Cara\u00efbes","publisher":{"@id":"https:\/\/bayardroyal.com\/#organization"},"potentialAction":[{"@type":"SearchAction","target":{"@type":"EntryPoint","urlTemplate":"https:\/\/bayardroyal.com\/?s={search_term_string}"},"query-input":{"@type":"PropertyValueSpecification","valueRequired":true,"valueName":"search_term_string"}}],"inLanguage":"en-CA"},{"@type":"Organization","@id":"https:\/\/bayardroyal.com\/#organization","name":"Bayard Royal","url":"https:\/\/bayardroyal.com\/","logo":{"@type":"ImageObject","inLanguage":"en-CA","@id":"https:\/\/bayardroyal.com\/#\/schema\/logo\/image\/","url":"https:\/\/bayardroyal.com\/wp-content\/uploads\/2023\/01\/cropped-BAYARD_ROYAL_COPPER_400x.png","contentUrl":"https:\/\/bayardroyal.com\/wp-content\/uploads\/2023\/01\/cropped-BAYARD_ROYAL_COPPER_400x.png","width":400,"height":343,"caption":"Bayard Royal"},"image":{"@id":"https:\/\/bayardroyal.com\/#\/schema\/logo\/image\/"},"sameAs":["https:\/\/www.facebook.com\/bayardroyal","https:\/\/www.instagram.com\/bayardroyal\/","https:\/\/www.tiktok.com\/@bayardroyal"]}]}},"_links":{"self":[{"href":"https:\/\/bayardroyal.com\/en\/wp-json\/wp\/v2\/pages\/293","targetHints":{"allow":["GET"]}}],"collection":[{"href":"https:\/\/bayardroyal.com\/en\/wp-json\/wp\/v2\/pages"}],"about":[{"href":"https:\/\/bayardroyal.com\/en\/wp-json\/wp\/v2\/types\/page"}],"author":[{"embeddable":true,"href":"https:\/\/bayardroyal.com\/en\/wp-json\/wp\/v2\/users\/1"}],"replies":[{"embeddable":true,"href":"https:\/\/bayardroyal.com\/en\/wp-json\/wp\/v2\/comments?post=293"}],"version-history":[{"count":133,"href":"https:\/\/bayardroyal.com\/en\/wp-json\/wp\/v2\/pages\/293\/revisions"}],"predecessor-version":[{"id":12320,"href":"https:\/\/bayardroyal.com\/en\/wp-json\/wp\/v2\/pages\/293\/revisions\/12320"}],"wp:attachment":[{"href":"https:\/\/bayardroyal.com\/en\/wp-json\/wp\/v2\/media?parent=293"}],"curies":[{"name":"wp","href":"https:\/\/api.w.org\/{rel}","templated":true}]}}