{"id":15,"date":"2023-01-17T19:11:23","date_gmt":"2023-01-17T19:11:23","guid":{"rendered":"https:\/\/bayardroyal.com\/mon-compte\/"},"modified":"2024-09-05T05:06:15","modified_gmt":"2024-09-05T05:06:15","slug":"mon-compte","status":"publish","type":"page","link":"https:\/\/bayardroyal.com\/en\/mon-compte\/","title":{"rendered":"Mon compte"},"content":{"rendered":"<div data-elementor-type=\"wp-page\" data-elementor-id=\"15\" class=\"elementor elementor-15\">\n\t\t\t\t\t\t<section class=\"elementor-section elementor-top-section elementor-element elementor-element-b232e80 elementor-section-boxed elementor-section-height-default elementor-section-height-default\" data-id=\"b232e80\" data-element_type=\"section\" data-e-type=\"section\">\n\t\t\t\t\t\t<div class=\"elementor-container elementor-column-gap-default\">\n\t\t\t\t\t<div class=\"elementor-column elementor-col-100 elementor-top-column elementor-element elementor-element-a4a938e\" data-id=\"a4a938e\" data-element_type=\"column\" data-e-type=\"column\">\n\t\t\t<div class=\"elementor-widget-wrap elementor-element-populated\">\n\t\t\t\t\t\t<div class=\"elementor-element elementor-element-459e389 elementor-widget elementor-widget-heading\" data-id=\"459e389\" data-element_type=\"widget\" data-e-type=\"widget\" data-widget_type=\"heading.default\">\n\t\t\t\t<div class=\"elementor-widget-container\">\n\t\t\t\t\t<h2 class=\"elementor-heading-title elementor-size-default\">Mon compte<\/h2>\t\t\t\t<\/div>\n\t\t\t\t<\/div>\n\t\t\t\t<div class=\"elementor-element elementor-element-87248f0 elementor-widget elementor-widget-shortcode\" data-id=\"87248f0\" data-element_type=\"widget\" data-e-type=\"widget\" data-widget_type=\"shortcode.default\">\n\t\t\t\t<div class=\"elementor-widget-container\">\n\t\t\t\t\t\t\t<div class=\"elementor-shortcode\"><div class=\"woocommerce\"><\/div><\/div>\n\t\t\t\t\t\t<\/div>\n\t\t\t\t<\/div>\n\t\t\t\t\t<\/div>\n\t\t<\/div>\n\t\t\t\t\t<\/div>\n\t\t<\/section>\n\t\t\t\t<\/div>","protected":false},"excerpt":{"rendered":"<p>Mon compte<\/p>","protected":false},"author":1,"featured_media":0,"parent":0,"menu_order":0,"comment_status":"closed","ping_status":"closed","template":"","meta":{"inline_featured_image":false,"_themeisle_gutenberg_block_has_review":false,"footnotes":""},"class_list":["post-15","page","type-page","status-publish","hentry"],"yoast_head":"<!-- This site is optimized with the Yoast SEO plugin v27.4 - https:\/\/yoast.com\/product\/yoast-seo-wordpress\/ -->\n<title>Mon Compte - G\u00e9rer Vos Commandes et Informations<\/title>\n<meta name=\"description\" content=\"G\u00e9rez votre compte Bayard Royal\u2122 : commandes, informations personnelles et pr\u00e9f\u00e9rences. Acc\u00e9dez \u00e0 votre historique d&#039;achats en ligne.\" \/>\n<meta name=\"robots\" content=\"index, follow, max-snippet:-1, max-image-preview:large, max-video-preview:-1\" \/>\n<link rel=\"canonical\" href=\"https:\/\/bayardroyal.com\/en\/mon-compte\/\" \/>\n<meta property=\"og:locale\" content=\"en_US\" \/>\n<meta property=\"og:type\" content=\"article\" \/>\n<meta property=\"og:title\" content=\"Mon Compte - G\u00e9rer Vos Commandes et Informations\" \/>\n<meta property=\"og:description\" content=\"G\u00e9rez votre compte Bayard Royal\u2122 : commandes, informations personnelles et pr\u00e9f\u00e9rences. Acc\u00e9dez \u00e0 votre historique d&#039;achats en ligne.\" \/>\n<meta property=\"og:url\" content=\"https:\/\/bayardroyal.com\/en\/mon-compte\/\" \/>\n<meta property=\"og:site_name\" content=\"Bayard Royal\" \/>\n<meta property=\"article:publisher\" content=\"https:\/\/www.facebook.com\/bayardroyal\" \/>\n<meta property=\"article:modified_time\" content=\"2024-09-05T05:06:15+00:00\" \/>\n<meta name=\"twitter:card\" content=\"summary_large_image\" \/>\n<script type=\"application\/ld+json\" class=\"yoast-schema-graph\">{\"@context\":\"https:\\\/\\\/schema.org\",\"@graph\":[{\"@type\":[\"WebPage\",\"ProfilePage\"],\"@id\":\"https:\\\/\\\/bayardroyal.com\\\/mon-compte\\\/\",\"url\":\"https:\\\/\\\/bayardroyal.com\\\/mon-compte\\\/\",\"name\":\"Mon Compte - G\u00e9rer Vos Commandes et Informations\",\"isPartOf\":{\"@id\":\"https:\\\/\\\/bayardroyal.com\\\/#website\"},\"datePublished\":\"2023-01-17T19:11:23+00:00\",\"dateModified\":\"2024-09-05T05:06:15+00:00\",\"description\":\"G\u00e9rez votre compte Bayard Royal\u2122 : commandes, informations personnelles et pr\u00e9f\u00e9rences. Acc\u00e9dez \u00e0 votre historique d'achats en ligne.\",\"breadcrumb\":{\"@id\":\"https:\\\/\\\/bayardroyal.com\\\/mon-compte\\\/#breadcrumb\"},\"inLanguage\":\"en-CA\",\"potentialAction\":[{\"@type\":\"ReadAction\",\"target\":[\"https:\\\/\\\/bayardroyal.com\\\/mon-compte\\\/\"]}]},{\"@type\":\"BreadcrumbList\",\"@id\":\"https:\\\/\\\/bayardroyal.com\\\/mon-compte\\\/#breadcrumb\",\"itemListElement\":[{\"@type\":\"ListItem\",\"position\":1,\"name\":\"Home\",\"item\":\"https:\\\/\\\/bayardroyal.com\\\/\"},{\"@type\":\"ListItem\",\"position\":2,\"name\":\"Mon compte\"}]},{\"@type\":\"WebSite\",\"@id\":\"https:\\\/\\\/bayardroyal.com\\\/#website\",\"url\":\"https:\\\/\\\/bayardroyal.com\\\/\",\"name\":\"Bayard Royal\",\"description\":\"G\u00e2teaux au rhum des Cara\u00efbes\",\"publisher\":{\"@id\":\"https:\\\/\\\/bayardroyal.com\\\/#organization\"},\"potentialAction\":[{\"@type\":\"SearchAction\",\"target\":{\"@type\":\"EntryPoint\",\"urlTemplate\":\"https:\\\/\\\/bayardroyal.com\\\/?s={search_term_string}\"},\"query-input\":{\"@type\":\"PropertyValueSpecification\",\"valueRequired\":true,\"valueName\":\"search_term_string\"}}],\"inLanguage\":\"en-CA\"},{\"@type\":\"Organization\",\"@id\":\"https:\\\/\\\/bayardroyal.com\\\/#organization\",\"name\":\"Bayard Royal\",\"url\":\"https:\\\/\\\/bayardroyal.com\\\/\",\"logo\":{\"@type\":\"ImageObject\",\"inLanguage\":\"en-CA\",\"@id\":\"https:\\\/\\\/bayardroyal.com\\\/#\\\/schema\\\/logo\\\/image\\\/\",\"url\":\"https:\\\/\\\/bayardroyal.com\\\/wp-content\\\/uploads\\\/2023\\\/01\\\/cropped-BAYARD_ROYAL_COPPER_400x.png\",\"contentUrl\":\"https:\\\/\\\/bayardroyal.com\\\/wp-content\\\/uploads\\\/2023\\\/01\\\/cropped-BAYARD_ROYAL_COPPER_400x.png\",\"width\":400,\"height\":343,\"caption\":\"Bayard Royal\"},\"image\":{\"@id\":\"https:\\\/\\\/bayardroyal.com\\\/#\\\/schema\\\/logo\\\/image\\\/\"},\"sameAs\":[\"https:\\\/\\\/www.facebook.com\\\/bayardroyal\",\"https:\\\/\\\/www.instagram.com\\\/bayardroyal\\\/\",\"https:\\\/\\\/www.tiktok.com\\\/@bayardroyal\"],\"mainEntityOfPage\":{\"@id\":\"https:\\\/\\\/bayardroyal.com\\\/mon-compte\\\/\"}}]}<\/script>\n<!-- \/ Yoast SEO plugin. -->","yoast_head_json":{"title":"Mon Compte - G\u00e9rer Vos Commandes et Informations","description":"G\u00e9rez votre compte Bayard Royal\u2122 : commandes, informations personnelles et pr\u00e9f\u00e9rences. Acc\u00e9dez \u00e0 votre historique d'achats en ligne.","robots":{"index":"index","follow":"follow","max-snippet":"max-snippet:-1","max-image-preview":"max-image-preview:large","max-video-preview":"max-video-preview:-1"},"canonical":"https:\/\/bayardroyal.com\/en\/mon-compte\/","og_locale":"en_US","og_type":"article","og_title":"Mon Compte - G\u00e9rer Vos Commandes et Informations","og_description":"G\u00e9rez votre compte Bayard Royal\u2122 : commandes, informations personnelles et pr\u00e9f\u00e9rences. Acc\u00e9dez \u00e0 votre historique d'achats en ligne.","og_url":"https:\/\/bayardroyal.com\/en\/mon-compte\/","og_site_name":"Bayard Royal","article_publisher":"https:\/\/www.facebook.com\/bayardroyal","article_modified_time":"2024-09-05T05:06:15+00:00","twitter_card":"summary_large_image","schema":{"@context":"https:\/\/schema.org","@graph":[{"@type":["WebPage","ProfilePage"],"@id":"https:\/\/bayardroyal.com\/mon-compte\/","url":"https:\/\/bayardroyal.com\/mon-compte\/","name":"Mon Compte - G\u00e9rer Vos Commandes et Informations","isPartOf":{"@id":"https:\/\/bayardroyal.com\/#website"},"datePublished":"2023-01-17T19:11:23+00:00","dateModified":"2024-09-05T05:06:15+00:00","description":"G\u00e9rez votre compte Bayard Royal\u2122 : commandes, informations personnelles et pr\u00e9f\u00e9rences. Acc\u00e9dez \u00e0 votre historique d'achats en ligne.","breadcrumb":{"@id":"https:\/\/bayardroyal.com\/mon-compte\/#breadcrumb"},"inLanguage":"en-CA","potentialAction":[{"@type":"ReadAction","target":["https:\/\/bayardroyal.com\/mon-compte\/"]}]},{"@type":"BreadcrumbList","@id":"https:\/\/bayardroyal.com\/mon-compte\/#breadcrumb","itemListElement":[{"@type":"ListItem","position":1,"name":"Home","item":"https:\/\/bayardroyal.com\/"},{"@type":"ListItem","position":2,"name":"Mon compte"}]},{"@type":"WebSite","@id":"https:\/\/bayardroyal.com\/#website","url":"https:\/\/bayardroyal.com\/","name":"Bayard Royal","description":"G\u00e2teaux au rhum des Cara\u00efbes","publisher":{"@id":"https:\/\/bayardroyal.com\/#organization"},"potentialAction":[{"@type":"SearchAction","target":{"@type":"EntryPoint","urlTemplate":"https:\/\/bayardroyal.com\/?s={search_term_string}"},"query-input":{"@type":"PropertyValueSpecification","valueRequired":true,"valueName":"search_term_string"}}],"inLanguage":"en-CA"},{"@type":"Organization","@id":"https:\/\/bayardroyal.com\/#organization","name":"Bayard Royal","url":"https:\/\/bayardroyal.com\/","logo":{"@type":"ImageObject","inLanguage":"en-CA","@id":"https:\/\/bayardroyal.com\/#\/schema\/logo\/image\/","url":"https:\/\/bayardroyal.com\/wp-content\/uploads\/2023\/01\/cropped-BAYARD_ROYAL_COPPER_400x.png","contentUrl":"https:\/\/bayardroyal.com\/wp-content\/uploads\/2023\/01\/cropped-BAYARD_ROYAL_COPPER_400x.png","width":400,"height":343,"caption":"Bayard Royal"},"image":{"@id":"https:\/\/bayardroyal.com\/#\/schema\/logo\/image\/"},"sameAs":["https:\/\/www.facebook.com\/bayardroyal","https:\/\/www.instagram.com\/bayardroyal\/","https:\/\/www.tiktok.com\/@bayardroyal"],"mainEntityOfPage":{"@id":"https:\/\/bayardroyal.com\/mon-compte\/"}}]}},"_links":{"self":[{"href":"https:\/\/bayardroyal.com\/en\/wp-json\/wp\/v2\/pages\/15","targetHints":{"allow":["GET"]}}],"collection":[{"href":"https:\/\/bayardroyal.com\/en\/wp-json\/wp\/v2\/pages"}],"about":[{"href":"https:\/\/bayardroyal.com\/en\/wp-json\/wp\/v2\/types\/page"}],"author":[{"embeddable":true,"href":"https:\/\/bayardroyal.com\/en\/wp-json\/wp\/v2\/users\/1"}],"replies":[{"embeddable":true,"href":"https:\/\/bayardroyal.com\/en\/wp-json\/wp\/v2\/comments?post=15"}],"version-history":[{"count":6,"href":"https:\/\/bayardroyal.com\/en\/wp-json\/wp\/v2\/pages\/15\/revisions"}],"predecessor-version":[{"id":11189,"href":"https:\/\/bayardroyal.com\/en\/wp-json\/wp\/v2\/pages\/15\/revisions\/11189"}],"wp:attachment":[{"href":"https:\/\/bayardroyal.com\/en\/wp-json\/wp\/v2\/media?parent=15"}],"curies":[{"name":"wp","href":"https:\/\/api.w.org\/{rel}","templated":true}]}}