{"id":11228,"date":"2023-02-21T20:45:16","date_gmt":"2023-02-21T20:45:16","guid":{"rendered":"https:\/\/bayardroyal.com\/?page_id=11228"},"modified":"2024-09-05T05:06:54","modified_gmt":"2024-09-05T05:06:54","slug":"points-de-ventes","status":"publish","type":"page","link":"https:\/\/bayardroyal.com\/en\/points-de-ventes\/","title":{"rendered":"Where to buy"},"content":{"rendered":"\t\t<div data-elementor-type=\"wp-page\" data-elementor-id=\"11228\" class=\"elementor elementor-11228\">\n\t\t\t\t\t\t<section class=\"elementor-section elementor-top-section elementor-element elementor-element-f493811 elementor-section-boxed elementor-section-height-default elementor-section-height-default\" data-id=\"f493811\" data-element_type=\"section\" data-e-type=\"section\">\n\t\t\t\t\t\t<div class=\"elementor-container elementor-column-gap-default\">\n\t\t\t\t\t<div class=\"elementor-column elementor-col-100 elementor-top-column elementor-element elementor-element-e1950c6\" data-id=\"e1950c6\" data-element_type=\"column\" data-e-type=\"column\">\n\t\t\t<div class=\"elementor-widget-wrap elementor-element-populated\">\n\t\t\t\t\t\t<div class=\"elementor-element elementor-element-de16b4e elementor-widget elementor-widget-text-editor\" data-id=\"de16b4e\" data-element_type=\"widget\" data-e-type=\"widget\" data-widget_type=\"text-editor.default\">\n\t\t\t\t<div class=\"elementor-widget-container\">\n\t\t\t\t\t\t\t\t\t<p><span style=\"text-decoration: underline;\"><strong>Nous vous sugg\u00e9rons d&rsquo;appeler l&rsquo;un de nos points de vente pour confirmer la disponibilit\u00e9 de nos produits dans leur inventaire.<\/strong><\/span><\/p>\t\t\t\t\t\t\t\t<\/div>\n\t\t\t\t<\/div>\n\t\t\t\t\t<\/div>\n\t\t<\/div>\n\t\t\t\t\t<\/div>\n\t\t<\/section>\n\t\t\t\t<section class=\"elementor-section elementor-top-section elementor-element elementor-element-6e58f789 elementor-section-boxed elementor-section-height-default elementor-section-height-default\" data-id=\"6e58f789\" data-element_type=\"section\" data-e-type=\"section\">\n\t\t\t\t\t\t<div class=\"elementor-container elementor-column-gap-default\">\n\t\t\t\t\t<div class=\"elementor-column elementor-col-100 elementor-top-column elementor-element elementor-element-4996a63f\" data-id=\"4996a63f\" data-element_type=\"column\" data-e-type=\"column\">\n\t\t\t<div class=\"elementor-widget-wrap elementor-element-populated\">\n\t\t\t\t\t\t<div class=\"elementor-element elementor-element-572a1da5 elementor-widget elementor-widget-text-editor\" data-id=\"572a1da5\" data-element_type=\"widget\" data-e-type=\"widget\" data-widget_type=\"text-editor.default\">\n\t\t\t\t<div class=\"elementor-widget-container\">\n\t\t\t\t\t\t\t\t\t<p><style>\/*! elementor - v3.11.1 - 15-02-2023 *\/<br \/>.elementor-heading-title{padding:0;margin:0;line-height:1}.elementor-widget-heading .elementor-heading-title[class*=elementor-size-]>a{color:inherit;font-size:inherit;line-height:inherit}.elementor-widget-heading .elementor-heading-title.elementor-size-small{font-size:15px}.elementor-widget-heading .elementor-heading-title.elementor-size-medium{font-size:19px}.elementor-widget-heading .elementor-heading-title.elementor-size-large{font-size:29px}.elementor-widget-heading .elementor-heading-title.elementor-size-xl{font-size:39px}.elementor-widget-heading .elementor-heading-title.elementor-size-xxl{font-size:59px}<\/style><\/p><h2>Nos points de vente (Itin\u00e9raires)<\/h2><div><style>\r\n\t#wpsl-stores .wpsl-store-thumb {height:45px !important; width:45px !important;}\r\n\t#wpsl-stores, #wpsl-direction-details, #wpsl-gmap {height:350px !important;}\r\n\t#wpsl-gmap .wpsl-info-window {max-width:225px !important;}\r\n\t.wpsl-input label, #wpsl-radius label, #wpsl-category label {width:95px;}\r\n\t#wpsl-search-input  {width:179px;}\r\n<\/style>\r\n<div id=\"wpsl-wrap\">\r\n\t<div class=\"wpsl-search wpsl-clearfix \">\r\n\t\t<div id=\"wpsl-search-wrap\">\r\n\t\t\t<form autocomplete=\"off\">\r\n\t\t\t<div class=\"wpsl-input\">\r\n\t\t\t\t<div><label for=\"wpsl-search-input\">Your location<\/label><\/div>\r\n\t\t\t\t<input id=\"wpsl-search-input\" type=\"text\" value=\"\" name=\"wpsl-search-input\" placeholder=\"\" aria-required=\"true\" \/>\r\n\t\t\t<\/div>\r\n\t\t\t<div class=\"wpsl-select-wrap\">\r\n\t\t\t\t<div id=\"wpsl-radius\">\r\n\t\t\t\t\t<label for=\"wpsl-radius-dropdown\">Search radius<\/label>\r\n\t\t\t\t\t<select id=\"wpsl-radius-dropdown\" class=\"wpsl-dropdown\" name=\"wpsl-radius\">\r\n\t\t\t\t\t\t<option value=\"10\">10 km<\/option><option value=\"25\">25 km<\/option><option selected=\"selected\" value=\"50\">50 km<\/option><option value=\"100\">100 km<\/option><option value=\"200\">200 km<\/option><option value=\"500\">500 km<\/option>\r\n\t\t\t\t\t<\/select>\r\n\t\t\t\t<\/div>\r\n\t\t\t\t<div id=\"wpsl-results\">\r\n\t\t\t\t\t<label for=\"wpsl-results-dropdown\">Results<\/label>\r\n\t\t\t\t\t<select id=\"wpsl-results-dropdown\" class=\"wpsl-dropdown\" name=\"wpsl-results\">\r\n\t\t\t\t\t\t<option selected=\"selected\" value=\"25\">25<\/option><option value=\"50\">50<\/option><option value=\"75\">75<\/option><option value=\"100\">100<\/option>\r\n\t\t\t\t\t<\/select>\r\n\t\t\t\t<\/div>\r\n\t\t\t<\/div>\r\n\t\t\t\t<div class=\"wpsl-search-btn-wrap\"><input id=\"wpsl-search-btn\" type=\"submit\" value=\"Search\"><\/div>\r\n\t\t<\/form>\r\n\t\t<\/div>\r\n\t<\/div>\r\n\t<div id=\"wpsl-gmap\" class=\"wpsl-gmap-canvas\"><\/div>\r\n\t<div id=\"wpsl-result-list\">\r\n\t\t<div id=\"wpsl-stores\" >\r\n\t\t\t<ul><\/ul>\r\n\t\t<\/div>\r\n\t\t<div id=\"wpsl-direction-details\">\r\n\t\t\t<ul><\/ul>\r\n\t\t<\/div>\r\n\t<\/div>\r\n<\/div>\r\n<\/div>\t\t\t\t\t\t\t\t<\/div>\n\t\t\t\t<\/div>\n\t\t\t\t\t<\/div>\n\t\t<\/div>\n\t\t\t\t\t<\/div>\n\t\t<\/section>\n\t\t\t\t<\/div>\n\t\t","protected":false},"excerpt":{"rendered":"<p>Nous vous sugg\u00e9rons d&rsquo;appeler l&rsquo;un de nos points de vente pour confirmer la disponibilit\u00e9 de nos produits dans leur inventaire. Nos points de vente (Itin\u00e9raires)<\/p>","protected":false},"author":1,"featured_media":0,"parent":0,"menu_order":0,"comment_status":"closed","ping_status":"closed","template":"","meta":{"inline_featured_image":false,"_themeisle_gutenberg_block_has_review":false,"footnotes":""},"class_list":["post-11228","page","type-page","status-publish","hentry"],"yoast_head":"<!-- This site is optimized with the Yoast SEO plugin v27.4 - https:\/\/yoast.com\/product\/yoast-seo-wordpress\/ -->\n<title>Points de Vente - Bayard Royal\u2122 : O\u00f9 Acheter Nos G\u00e2teaux<\/title>\n<meta name=\"description\" content=\"Trouvez les points de vente Bayard Royal\u2122. Achetez nos g\u00e2teaux imbib\u00e9s de spiritueux chez nos revendeurs partenaires.\" \/>\n<meta name=\"robots\" content=\"index, follow, max-snippet:-1, max-image-preview:large, max-video-preview:-1\" \/>\n<link rel=\"canonical\" href=\"https:\/\/bayardroyal.com\/en\/points-de-ventes\/\" \/>\n<meta property=\"og:locale\" content=\"en_US\" \/>\n<meta property=\"og:type\" content=\"article\" \/>\n<meta property=\"og:title\" content=\"Points de Vente - Bayard Royal\u2122 : O\u00f9 Acheter Nos G\u00e2teaux\" \/>\n<meta property=\"og:description\" content=\"Trouvez les points de vente Bayard Royal\u2122. Achetez nos g\u00e2teaux imbib\u00e9s de spiritueux chez nos revendeurs partenaires.\" \/>\n<meta property=\"og:url\" content=\"https:\/\/bayardroyal.com\/en\/points-de-ventes\/\" \/>\n<meta property=\"og:site_name\" content=\"Bayard Royal\" \/>\n<meta property=\"article:publisher\" content=\"https:\/\/www.facebook.com\/bayardroyal\" \/>\n<meta property=\"article:modified_time\" content=\"2024-09-05T05:06:54+00:00\" \/>\n<meta name=\"twitter:card\" content=\"summary_large_image\" \/>\n<meta name=\"twitter:label1\" content=\"Est. reading time\" \/>\n\t<meta name=\"twitter:data1\" content=\"1 minute\" \/>\n<script type=\"application\/ld+json\" class=\"yoast-schema-graph\">{\"@context\":\"https:\\\/\\\/schema.org\",\"@graph\":[{\"@type\":\"WebPage\",\"@id\":\"https:\\\/\\\/bayardroyal.com\\\/points-de-ventes\\\/\",\"url\":\"https:\\\/\\\/bayardroyal.com\\\/points-de-ventes\\\/\",\"name\":\"Points de Vente - Bayard Royal\u2122 : O\u00f9 Acheter Nos G\u00e2teaux\",\"isPartOf\":{\"@id\":\"https:\\\/\\\/bayardroyal.com\\\/#website\"},\"datePublished\":\"2023-02-21T20:45:16+00:00\",\"dateModified\":\"2024-09-05T05:06:54+00:00\",\"description\":\"Trouvez les points de vente Bayard Royal\u2122. Achetez nos g\u00e2teaux imbib\u00e9s de spiritueux chez nos revendeurs partenaires.\",\"breadcrumb\":{\"@id\":\"https:\\\/\\\/bayardroyal.com\\\/points-de-ventes\\\/#breadcrumb\"},\"inLanguage\":\"en-CA\",\"potentialAction\":[{\"@type\":\"ReadAction\",\"target\":[\"https:\\\/\\\/bayardroyal.com\\\/points-de-ventes\\\/\"]}]},{\"@type\":\"BreadcrumbList\",\"@id\":\"https:\\\/\\\/bayardroyal.com\\\/points-de-ventes\\\/#breadcrumb\",\"itemListElement\":[{\"@type\":\"ListItem\",\"position\":1,\"name\":\"Home\",\"item\":\"https:\\\/\\\/bayardroyal.com\\\/\"},{\"@type\":\"ListItem\",\"position\":2,\"name\":\"Points De Vente\"}]},{\"@type\":\"WebSite\",\"@id\":\"https:\\\/\\\/bayardroyal.com\\\/#website\",\"url\":\"https:\\\/\\\/bayardroyal.com\\\/\",\"name\":\"Bayard Royal\",\"description\":\"G\u00e2teaux au rhum des Cara\u00efbes\",\"publisher\":{\"@id\":\"https:\\\/\\\/bayardroyal.com\\\/#organization\"},\"potentialAction\":[{\"@type\":\"SearchAction\",\"target\":{\"@type\":\"EntryPoint\",\"urlTemplate\":\"https:\\\/\\\/bayardroyal.com\\\/?s={search_term_string}\"},\"query-input\":{\"@type\":\"PropertyValueSpecification\",\"valueRequired\":true,\"valueName\":\"search_term_string\"}}],\"inLanguage\":\"en-CA\"},{\"@type\":\"Organization\",\"@id\":\"https:\\\/\\\/bayardroyal.com\\\/#organization\",\"name\":\"Bayard Royal\",\"url\":\"https:\\\/\\\/bayardroyal.com\\\/\",\"logo\":{\"@type\":\"ImageObject\",\"inLanguage\":\"en-CA\",\"@id\":\"https:\\\/\\\/bayardroyal.com\\\/#\\\/schema\\\/logo\\\/image\\\/\",\"url\":\"https:\\\/\\\/bayardroyal.com\\\/wp-content\\\/uploads\\\/2023\\\/01\\\/cropped-BAYARD_ROYAL_COPPER_400x.png\",\"contentUrl\":\"https:\\\/\\\/bayardroyal.com\\\/wp-content\\\/uploads\\\/2023\\\/01\\\/cropped-BAYARD_ROYAL_COPPER_400x.png\",\"width\":400,\"height\":343,\"caption\":\"Bayard Royal\"},\"image\":{\"@id\":\"https:\\\/\\\/bayardroyal.com\\\/#\\\/schema\\\/logo\\\/image\\\/\"},\"sameAs\":[\"https:\\\/\\\/www.facebook.com\\\/bayardroyal\",\"https:\\\/\\\/www.instagram.com\\\/bayardroyal\\\/\",\"https:\\\/\\\/www.tiktok.com\\\/@bayardroyal\"]}]}<\/script>\n<!-- \/ Yoast SEO plugin. -->","yoast_head_json":{"title":"Points de Vente - Bayard Royal\u2122 : O\u00f9 Acheter Nos G\u00e2teaux","description":"Trouvez les points de vente Bayard Royal\u2122. Achetez nos g\u00e2teaux imbib\u00e9s de spiritueux chez nos revendeurs partenaires.","robots":{"index":"index","follow":"follow","max-snippet":"max-snippet:-1","max-image-preview":"max-image-preview:large","max-video-preview":"max-video-preview:-1"},"canonical":"https:\/\/bayardroyal.com\/en\/points-de-ventes\/","og_locale":"en_US","og_type":"article","og_title":"Points de Vente - Bayard Royal\u2122 : O\u00f9 Acheter Nos G\u00e2teaux","og_description":"Trouvez les points de vente Bayard Royal\u2122. Achetez nos g\u00e2teaux imbib\u00e9s de spiritueux chez nos revendeurs partenaires.","og_url":"https:\/\/bayardroyal.com\/en\/points-de-ventes\/","og_site_name":"Bayard Royal","article_publisher":"https:\/\/www.facebook.com\/bayardroyal","article_modified_time":"2024-09-05T05:06:54+00:00","twitter_card":"summary_large_image","twitter_misc":{"Est. reading time":"1 minute"},"schema":{"@context":"https:\/\/schema.org","@graph":[{"@type":"WebPage","@id":"https:\/\/bayardroyal.com\/points-de-ventes\/","url":"https:\/\/bayardroyal.com\/points-de-ventes\/","name":"Points de Vente - Bayard Royal\u2122 : O\u00f9 Acheter Nos G\u00e2teaux","isPartOf":{"@id":"https:\/\/bayardroyal.com\/#website"},"datePublished":"2023-02-21T20:45:16+00:00","dateModified":"2024-09-05T05:06:54+00:00","description":"Trouvez les points de vente Bayard Royal\u2122. Achetez nos g\u00e2teaux imbib\u00e9s de spiritueux chez nos revendeurs partenaires.","breadcrumb":{"@id":"https:\/\/bayardroyal.com\/points-de-ventes\/#breadcrumb"},"inLanguage":"en-CA","potentialAction":[{"@type":"ReadAction","target":["https:\/\/bayardroyal.com\/points-de-ventes\/"]}]},{"@type":"BreadcrumbList","@id":"https:\/\/bayardroyal.com\/points-de-ventes\/#breadcrumb","itemListElement":[{"@type":"ListItem","position":1,"name":"Home","item":"https:\/\/bayardroyal.com\/"},{"@type":"ListItem","position":2,"name":"Points De Vente"}]},{"@type":"WebSite","@id":"https:\/\/bayardroyal.com\/#website","url":"https:\/\/bayardroyal.com\/","name":"Bayard Royal","description":"G\u00e2teaux au rhum des Cara\u00efbes","publisher":{"@id":"https:\/\/bayardroyal.com\/#organization"},"potentialAction":[{"@type":"SearchAction","target":{"@type":"EntryPoint","urlTemplate":"https:\/\/bayardroyal.com\/?s={search_term_string}"},"query-input":{"@type":"PropertyValueSpecification","valueRequired":true,"valueName":"search_term_string"}}],"inLanguage":"en-CA"},{"@type":"Organization","@id":"https:\/\/bayardroyal.com\/#organization","name":"Bayard Royal","url":"https:\/\/bayardroyal.com\/","logo":{"@type":"ImageObject","inLanguage":"en-CA","@id":"https:\/\/bayardroyal.com\/#\/schema\/logo\/image\/","url":"https:\/\/bayardroyal.com\/wp-content\/uploads\/2023\/01\/cropped-BAYARD_ROYAL_COPPER_400x.png","contentUrl":"https:\/\/bayardroyal.com\/wp-content\/uploads\/2023\/01\/cropped-BAYARD_ROYAL_COPPER_400x.png","width":400,"height":343,"caption":"Bayard Royal"},"image":{"@id":"https:\/\/bayardroyal.com\/#\/schema\/logo\/image\/"},"sameAs":["https:\/\/www.facebook.com\/bayardroyal","https:\/\/www.instagram.com\/bayardroyal\/","https:\/\/www.tiktok.com\/@bayardroyal"]}]}},"_links":{"self":[{"href":"https:\/\/bayardroyal.com\/en\/wp-json\/wp\/v2\/pages\/11228","targetHints":{"allow":["GET"]}}],"collection":[{"href":"https:\/\/bayardroyal.com\/en\/wp-json\/wp\/v2\/pages"}],"about":[{"href":"https:\/\/bayardroyal.com\/en\/wp-json\/wp\/v2\/types\/page"}],"author":[{"embeddable":true,"href":"https:\/\/bayardroyal.com\/en\/wp-json\/wp\/v2\/users\/1"}],"replies":[{"embeddable":true,"href":"https:\/\/bayardroyal.com\/en\/wp-json\/wp\/v2\/comments?post=11228"}],"version-history":[{"count":276,"href":"https:\/\/bayardroyal.com\/en\/wp-json\/wp\/v2\/pages\/11228\/revisions"}],"predecessor-version":[{"id":12241,"href":"https:\/\/bayardroyal.com\/en\/wp-json\/wp\/v2\/pages\/11228\/revisions\/12241"}],"wp:attachment":[{"href":"https:\/\/bayardroyal.com\/en\/wp-json\/wp\/v2\/media?parent=11228"}],"curies":[{"name":"wp","href":"https:\/\/api.w.org\/{rel}","templated":true}]}}